{"id":321,"date":"2021-10-07T13:08:21","date_gmt":"2021-10-07T13:08:21","guid":{"rendered":"https:\/\/piemontevinimport.dk\/?post_type=product&#038;p=321"},"modified":"2025-11-10T19:07:50","modified_gmt":"2025-11-10T19:07:50","slug":"moliss-barbera-dasti-superiore-docg-piemonte","status":"publish","type":"product","link":"https:\/\/piemontevinimport.dk\/index.php\/vare\/moliss-barbera-dasti-superiore-docg-piemonte\/","title":{"rendered":"Moliss, Barbera d&#8217;Asti Superiore DOCG, Agostino Pavia"},"content":{"rendered":"<p><strong>Klassifikation:<\/strong> Barbera d&#8217;Asti superiore<br \/>\n<strong>Drue:<\/strong> 100% Barbera<br \/>\n<strong>Alkohol:<\/strong> 15 % vol.<br \/>\n<strong>Lagring:<\/strong>\u00a0 G\u00e6res p\u00e5 st\u00e5ltank<br \/>\nLagres 14 mdr. p\u00e5 3000 l. t\u00f8nder af \u00f8strigsk eg, og 500 l. fade af Allier eg.<br \/>\nBlandes i rustfri st\u00e5ltank og aftapning maj m\u00e5ned.<br \/>\nLagres p\u00e5 flaske i cirka 4 m\u00e5neder<span style=\"font-size: 16px; font-style: normal; font-weight: 400;\"><br \/>\n<\/span><span style=\"font-size: 16px;\"><strong><span style=\"color: #000000;\">Gemmepotentiale<\/span><em><span style=\"color: #000000;\">:<\/span><\/em><\/strong> Kan drikkes nu, og <\/span><span style=\"font-size: 16px; font-style: normal; font-weight: 400;\">kan gemmes 8 &#8211; 9 \u00e5r.<br \/>\n<\/span><\/p>\n<p><strong>Farve<\/strong>: intens rubinr\u00f8d med violette reflekser.<br \/>\n<strong>N\u00e6se:<\/strong> Fyldig duft med noter af r<span style=\"font-size: 16px; font-style: normal; font-weight: 400;\">\u00f8de b\u00e6r, m\u00f8rke b\u00e6r og vanilje.<br \/>\n<strong>Smag:<\/strong> Blide, integrerede tanniner og den helt rigtige balance af syre, med masser af frugt.<br \/>\n<\/span><strong>Servering:<\/strong> 16-18 gr.<br \/>\n<strong>Mad:<\/strong> En glimrende madvin til kraftige retter og lagrede oste<br \/>\n<strong>Glas:<\/strong> <a href=\"https:\/\/vinforsjov.dk\/vare\/veritas-old-world-shiraz-0449-41-riedel\/\">Riedel Old World Syrah glas<\/a><\/p>\n<p>Enkeltmarksvin. \u201cMoliss\u201d betyder p\u00e5 piemontesisk \u201cmellemste s\u00f8n\u201d.<\/p>\n<p>Familiedrevet brug hvor 3 generationer producerer vin p\u00e5 9 ha marker. Siden 1980, hvor den \u00e6ldste s\u00f8n Guiseppe begyndte at modernisere produktionen, er kvaliteten steget st\u00f8t. I 90\u2019er kom yngste s\u00f8n Mauro med, og familien har efterh\u00e5nden skabt sig et ganske stort navn i Europa og i USA.<\/p>\n<p><strong>Om dyrkningen:<\/strong><br \/>\n5.000 stokke pr. hektar<br \/>\nUdbytte: 6.500 kg pr. hektar<br \/>\nH\u00f8st: i slutningen af \u200b\u200bseptember med manuel plukning.<\/p>\n","protected":false},"excerpt":{"rendered":"<p><strong>Prisen er pr. flaske ved k\u00f8b af min. 6 fl., ogs\u00e5 ved kombination af flere forskellige vine.<\/strong><strong><br \/>\nVed k\u00f8b af 1 fl. <u>er prisen pr. fl.: 118,- kr.<\/u><\/strong><\/p>\n<p>Agostino Pavia &amp; Figli<br \/>\nSuper dejlig Barbera d&#8217;Asti<br \/>\nVirkelig sm\u00e6k for skillingen til yderst favorabel pris<\/p>\n<p>&nbsp;<\/p>\n","protected":false},"featured_media":980,"template":"","meta":{"site-sidebar-layout":"default","site-content-layout":"default","ast-site-content-layout":"default","site-content-style":"default","site-sidebar-style":"default","ast-global-header-display":"","ast-banner-title-visibility":"","ast-main-header-display":"","ast-hfb-above-header-display":"","ast-hfb-below-header-display":"","ast-hfb-mobile-header-display":"","site-post-title":"","ast-breadcrumbs-content":"","ast-featured-img":"","footer-sml-layout":"","theme-transparent-header-meta":"default","adv-header-id-meta":"","stick-header-meta":"","header-above-stick-meta":"","header-main-stick-meta":"","header-below-stick-meta":"","astra-migrate-meta-layouts":"set","ast-page-background-enabled":"default","ast-page-background-meta":{"desktop":{"background-color":"var(--ast-global-color-4)","background-image":"","background-repeat":"repeat","background-position":"center center","background-size":"auto","background-attachment":"scroll","background-type":"","background-media":"","overlay-type":"","overlay-color":"","overlay-opacity":"","overlay-gradient":""},"tablet":{"background-color":"","background-image":"","background-repeat":"repeat","background-position":"center center","background-size":"auto","background-attachment":"scroll","background-type":"","background-media":"","overlay-type":"","overlay-color":"","overlay-opacity":"","overlay-gradient":""},"mobile":{"background-color":"","background-image":"","background-repeat":"repeat","background-position":"center center","background-size":"auto","background-attachment":"scroll","background-type":"","background-media":"","overlay-type":"","overlay-color":"","overlay-opacity":"","overlay-gradient":""}},"ast-content-background-meta":{"desktop":{"background-color":"var(--ast-global-color-5)","background-image":"","background-repeat":"repeat","background-position":"center center","background-size":"auto","background-attachment":"scroll","background-type":"","background-media":"","overlay-type":"","overlay-color":"","overlay-opacity":"","overlay-gradient":""},"tablet":{"background-color":"var(--ast-global-color-5)","background-image":"","background-repeat":"repeat","background-position":"center center","background-size":"auto","background-attachment":"scroll","background-type":"","background-media":"","overlay-type":"","overlay-color":"","overlay-opacity":"","overlay-gradient":""},"mobile":{"background-color":"var(--ast-global-color-5)","background-image":"","background-repeat":"repeat","background-position":"center center","background-size":"auto","background-attachment":"scroll","background-type":"","background-media":"","overlay-type":"","overlay-color":"","overlay-opacity":"","overlay-gradient":""}}},"product_brand":[],"product_cat":[19,23],"product_tag":[],"class_list":{"0":"post-321","1":"product","2":"type-product","3":"status-publish","4":"has-post-thumbnail","6":"product_cat-roedvin","7":"product_cat-barbera","8":"desktop-align-left","9":"tablet-align-left","10":"mobile-align-left","12":"first","13":"instock","14":"taxable","15":"shipping-taxable","16":"purchasable","17":"product-type-simple"},"_links":{"self":[{"href":"https:\/\/piemontevinimport.dk\/index.php\/wp-json\/wp\/v2\/product\/321","targetHints":{"allow":["GET"]}}],"collection":[{"href":"https:\/\/piemontevinimport.dk\/index.php\/wp-json\/wp\/v2\/product"}],"about":[{"href":"https:\/\/piemontevinimport.dk\/index.php\/wp-json\/wp\/v2\/types\/product"}],"wp:featuredmedia":[{"embeddable":true,"href":"https:\/\/piemontevinimport.dk\/index.php\/wp-json\/wp\/v2\/media\/980"}],"wp:attachment":[{"href":"https:\/\/piemontevinimport.dk\/index.php\/wp-json\/wp\/v2\/media?parent=321"}],"wp:term":[{"taxonomy":"product_brand","embeddable":true,"href":"https:\/\/piemontevinimport.dk\/index.php\/wp-json\/wp\/v2\/product_brand?post=321"},{"taxonomy":"product_cat","embeddable":true,"href":"https:\/\/piemontevinimport.dk\/index.php\/wp-json\/wp\/v2\/product_cat?post=321"},{"taxonomy":"product_tag","embeddable":true,"href":"https:\/\/piemontevinimport.dk\/index.php\/wp-json\/wp\/v2\/product_tag?post=321"}],"curies":[{"name":"wp","href":"https:\/\/api.w.org\/{rel}","templated":true}]}}